{"id":87,"date":"2014-03-26T18:51:50","date_gmt":"2014-03-26T18:51:50","guid":{"rendered":"http:\/\/aquatekdive.fr\/?page_id=87"},"modified":"2021-05-19T10:33:06","modified_gmt":"2021-05-19T10:33:06","slug":"recycleur-ccr","status":"publish","type":"page","link":"http:\/\/aquatekdive.fr\/?page_id=87","title":{"rendered":"Recycleur CCR"},"content":{"rendered":"<h2><span style=\"color: #ff6600;\">Recycleur AP Diving rEvo Se7en Horizon : formation plong\u00e9e recycleur air et trimix. Vente de recycleurs.<\/span><\/h2>\n<p>Le cours de plong\u00e9e recycleur \u00e0 Marseille va bouleverser vos habitudes de plong\u00e9e et vous ouvrir de nouveaux horizons. Avec un niveau de plong\u00e9e recycleur, vous d\u00e9couvrez r\u00e9ellement le monde du silence et l&rsquo;approche tranquille et respectueuse de l&rsquo;environnement. Ce cours de plong\u00e9e recyleur, avec un diluent air dans un premier temps, est r\u00e9serv\u00e9 au plongeur titulaire de la qualification nitrox confirm\u00e9, de pr\u00e9f\u00e9rence niveau 3 (ce niveau 3 de plong\u00e9e peut \u00eatre pr\u00e9par\u00e9 avec l&rsquo;\u00e9cole de plong\u00e9e Aquadomia, site Aquadomia.com)<\/p>\n<p><a href=\"http:\/\/aquatekdive.fr\/wp-content\/uploads\/2021\/05\/Revoredsea-e1536521959850-400x306-1.jpeg\"><img loading=\"lazy\" decoding=\"async\" class=\"alignnone size-medium wp-image-238\" src=\"http:\/\/aquatekdive.fr\/wp-content\/uploads\/2021\/05\/Revoredsea-e1536521959850-400x306-1-300x230.jpeg\" alt=\"\" width=\"300\" height=\"230\" srcset=\"http:\/\/aquatekdive.fr\/wp-content\/uploads\/2021\/05\/Revoredsea-e1536521959850-400x306-1-300x230.jpeg 300w, http:\/\/aquatekdive.fr\/wp-content\/uploads\/2021\/05\/Revoredsea-e1536521959850-400x306-1-392x300.jpeg 392w, http:\/\/aquatekdive.fr\/wp-content\/uploads\/2021\/05\/Revoredsea-e1536521959850-400x306-1.jpeg 400w\" sizes=\"auto, (max-width: 300px) 100vw, 300px\" \/><\/a><a href=\"http:\/\/aquatekdive.fr\/wp-content\/uploads\/2014\/03\/DSCF1710.jpg\"><img loading=\"lazy\" decoding=\"async\" class=\"alignnone  wp-image-31\" src=\"http:\/\/aquatekdive.fr\/wp-content\/uploads\/2014\/03\/DSCF1710-300x200.jpg\" alt=\"Plong\u00e9e Marseille formation recycleur\" width=\"300\" height=\"200\" srcset=\"http:\/\/aquatekdive.fr\/wp-content\/uploads\/2014\/03\/DSCF1710-300x200.jpg 300w, http:\/\/aquatekdive.fr\/wp-content\/uploads\/2014\/03\/DSCF1710-1024x685.jpg 1024w, http:\/\/aquatekdive.fr\/wp-content\/uploads\/2014\/03\/DSCF1710.jpg 1148w\" sizes=\"auto, (max-width: 300px) 100vw, 300px\" \/><\/a><\/p>\n<p>Durant cette formation plong\u00e9e recycleur circuit ferm\u00e9 AP Diving rEvo Se7en de 4 \u00e0 5 jours pour le premier niveau recycleur avec diluant air zone 40 m\u00e8tres, vous apprendrez les principes de fonctionnement, la pr\u00e9paration de votre recycleur et sa maintenance. Vous apprendrez surtout \u00e0 g\u00e9rer votre nouvel \u00e9quilibre et \u00e0 changer votre fa\u00e7on de penser par rapport au circuit ouvert. Vous passerez ainsi du mode de pens\u00e9e traditionnel \u00ab\u00a0ai-je assez de gaz \u00e0\u00a0 respirer ?\u00a0\u00bb qui n&rsquo;est pas une grande pr\u00e9occupation en recycleur mais \u00e0 un mode de pens\u00e9e \u00ab\u00a0est-ce que le m\u00e9lange gazeux fabriqu\u00e9 par mon recycleur est bon ?\u00a0\u00bb.<\/p>\n<p><a href=\"http:\/\/aquatekdive.fr\/wp-content\/uploads\/2014\/03\/recycleur.jpg\"><img loading=\"lazy\" decoding=\"async\" class=\"alignnone  wp-image-49\" src=\"http:\/\/aquatekdive.fr\/wp-content\/uploads\/2014\/03\/recycleur-300x240.jpg\" alt=\"Formation recycleur CCR Marseille\" width=\"300\" height=\"240\" srcset=\"http:\/\/aquatekdive.fr\/wp-content\/uploads\/2014\/03\/recycleur-300x240.jpg 300w, http:\/\/aquatekdive.fr\/wp-content\/uploads\/2014\/03\/recycleur.jpg 960w\" sizes=\"auto, (max-width: 300px) 100vw, 300px\" \/><\/a><\/p>\n<p>Quoi que l&rsquo;on en dise la plong\u00e9 en recycleur est s\u00fbre si l&rsquo;on applique les principes fondamentaux enseign\u00e9s lors de votre formation plong\u00e9e recycleur, particuli\u00e8rement les routines et check list pr\u00e9paratoires et les pr\u00e9parations de \u00ab\u00a0bail out\u00a0\u00bb ou \u00ab\u00a0r\u00e9chap\u00a0\u00bb qui vous permettent d&rsquo;avoir une solution de secours en cas exceptionnel de d\u00e9faillance.<\/p>\n<p>Les modules de cours plong\u00e9e trimix et trimix avanc\u00e9 en recycleur sont accessibles une fois que vous ayez engrang\u00e9 pas mal d&rsquo;exp\u00e9rience en \u00ab\u00a0plong\u00e9e classique\u00a0\u00bb au recycleur circuit ferm\u00e9, \u00e0 savoir avec un diluant air ou nitrox. Il vous sera demand\u00e9 de totaliser une cinquantaine d&rsquo;heures de plong\u00e9e au recycleur pour commencer la formation trimix de base sur 3 \u00e0 4 jours vous permettant d&rsquo;utiliser votre recycleur de plong\u00e9e jusque 70 m\u00e8tres et pour la formation trimix avanc\u00e9 sur 4 \u00e0 5 jours vous permettant d&rsquo;utiliser votre recycleur de plong\u00e9e jusque\u00a0 100 m\u00e8tres.<\/p>\n<p>Ces formations plong\u00e9e recycleur circuit ferm\u00e9 \u00e0 Marseille sur les recycleurs rEvo, AP Diving Evolution + ou Inspiration peuvent \u00eatre r\u00e9serv\u00e9es directement sur le site de l&rsquo;\u00e9cole de plong\u00e9e Aquadomia, Aquadomia.com<\/p>\n<p><span style=\"color: #ff6600;\">De m\u00eame vous pouvez acheter votre recycleur<\/span> avec <a title=\"Vente recycleurs AP Diving\" href=\"http:\/\/www.aquadomia.com\">AQUADOMIA<\/a> , la premi\u00e8re soci\u00e9t\u00e9 de vente de recycleurs AP Diving, rEvo, se7en et Horizon \u00e0 Marseille.<\/p>\n<p>Les recycleurs Inspiration EVO , EVP et XPD de la marque AP Diving sont les recycleurs circuit ferm\u00e9 qui ont le plus de recul sur le march\u00e9 du recycleur. Ces recycleurs circuit ferm\u00e9 pilot\u00e9s par \u00e9lectronique et r\u00e9glables \u00e9galement manuellement sont fiabilis\u00e9s et ils ont \u00e9t\u00e9 les premiers voire les seuls adopt\u00e9s et recommand\u00e9s par les agences de formation comme TDI et PADI et les f\u00e9d\u00e9rations et associations professionnelles comme la FFESSM et l&rsquo;ANMP.<\/p>\n<p><a href=\"http:\/\/aquatekdive.fr\/wp-content\/uploads\/2014\/03\/apd.jpg\"><img loading=\"lazy\" decoding=\"async\" class=\"alignnone size-medium wp-image-116\" src=\"http:\/\/aquatekdive.fr\/wp-content\/uploads\/2014\/03\/apd-300x164.jpg\" alt=\"Vente recycleurs AP Diving Aquadomia\" width=\"300\" height=\"164\" srcset=\"http:\/\/aquatekdive.fr\/wp-content\/uploads\/2014\/03\/apd-300x164.jpg 300w, http:\/\/aquatekdive.fr\/wp-content\/uploads\/2014\/03\/apd-500x274.jpg 500w, http:\/\/aquatekdive.fr\/wp-content\/uploads\/2014\/03\/apd.jpg 748w\" sizes=\"auto, (max-width: 300px) 100vw, 300px\" \/><\/a><\/p>\n<p>Les recycleurs AP Diving sont en plus tr\u00e8s bien positionn\u00e9s en terme de prix !<\/p>\n<p>Plus d&rsquo;infos sur la vente de recycleurs sur\u00a0<a title=\"Vente recycleurs AP Diving par Aquadomia\" href=\"http:\/\/www.aquadomia.com\/vente-recycleurs-ap-diving\/\">http:\/\/www.aquadomia.com\/vente-recycleurs-ap-diving\/<\/a> et sur http:\/\/www.apdiving.com\/en\/rebreathers\/<\/p>\n<p><a href=\"http:\/\/aquatekdive.fr\/wp-content\/uploads\/2014\/03\/rebreathers-inspiration-xpd-evp-evo-apdiving1.jpg\"><img loading=\"lazy\" decoding=\"async\" class=\"alignnone size-medium wp-image-117\" src=\"http:\/\/aquatekdive.fr\/wp-content\/uploads\/2014\/03\/rebreathers-inspiration-xpd-evp-evo-apdiving1-300x123.jpg\" alt=\"Recycleur AP Diving Marseille-evp-evo-apdiving1\" width=\"300\" height=\"123\" srcset=\"http:\/\/aquatekdive.fr\/wp-content\/uploads\/2014\/03\/rebreathers-inspiration-xpd-evp-evo-apdiving1-300x123.jpg 300w, http:\/\/aquatekdive.fr\/wp-content\/uploads\/2014\/03\/rebreathers-inspiration-xpd-evp-evo-apdiving1-500x206.jpg 500w, http:\/\/aquatekdive.fr\/wp-content\/uploads\/2014\/03\/rebreathers-inspiration-xpd-evp-evo-apdiving1.jpg 970w\" sizes=\"auto, (max-width: 300px) 100vw, 300px\" \/><\/a><\/p>\n","protected":false},"excerpt":{"rendered":"<p>Recycleur AP Diving rEvo Se7en Horizon : formation plong\u00e9e recycleur air et trimix. Vente de recycleurs. Le cours de plong\u00e9e recycleur \u00e0 Marseille va bouleverser vos habitudes de plong\u00e9e et vous ouvrir de nouveaux horizons. Avec un niveau de plong\u00e9e &hellip; <a class=\"more-link\" href=\"http:\/\/aquatekdive.fr\/?page_id=87\">Lire la suite <span class=\"meta-nav\">&rarr;<\/span><\/a><\/p>\n","protected":false},"author":1,"featured_media":0,"parent":0,"menu_order":0,"comment_status":"closed","ping_status":"open","template":"","meta":{"footnotes":""},"class_list":["post-87","page","type-page","status-publish","hentry"],"_links":{"self":[{"href":"http:\/\/aquatekdive.fr\/index.php?rest_route=\/wp\/v2\/pages\/87","targetHints":{"allow":["GET"]}}],"collection":[{"href":"http:\/\/aquatekdive.fr\/index.php?rest_route=\/wp\/v2\/pages"}],"about":[{"href":"http:\/\/aquatekdive.fr\/index.php?rest_route=\/wp\/v2\/types\/page"}],"author":[{"embeddable":true,"href":"http:\/\/aquatekdive.fr\/index.php?rest_route=\/wp\/v2\/users\/1"}],"replies":[{"embeddable":true,"href":"http:\/\/aquatekdive.fr\/index.php?rest_route=%2Fwp%2Fv2%2Fcomments&post=87"}],"version-history":[{"count":10,"href":"http:\/\/aquatekdive.fr\/index.php?rest_route=\/wp\/v2\/pages\/87\/revisions"}],"predecessor-version":[{"id":250,"href":"http:\/\/aquatekdive.fr\/index.php?rest_route=\/wp\/v2\/pages\/87\/revisions\/250"}],"wp:attachment":[{"href":"http:\/\/aquatekdive.fr\/index.php?rest_route=%2Fwp%2Fv2%2Fmedia&parent=87"}],"curies":[{"name":"wp","href":"https:\/\/api.w.org\/{rel}","templated":true}]}}