{"id":78,"date":"2014-03-27T12:03:10","date_gmt":"2014-03-27T12:03:10","guid":{"rendered":"http:\/\/aquatekdive.fr\/?page_id=78"},"modified":"2014-04-03T17:53:21","modified_gmt":"2014-04-03T17:53:21","slug":"cours-de-plongee-trimix","status":"publish","type":"page","link":"http:\/\/aquatekdive.fr\/?page_id=78","title":{"rendered":"Trimix"},"content":{"rendered":"<h2><span style=\"color: #ff6600;\">Cours de plong\u00e9e Trimix Marseille<\/span><\/h2>\n<p>Le cours de plong\u00e9e trimix\u00a0 \u00e0 Marseille permet de passer le premier niveau de plong\u00e9e trimix appel\u00e9 aussi PTH70 pour plongeur trimix 70 m\u00e8tres puis le niveau trimix avanc\u00e9 ou hypoxique appel\u00e9 aussi PTH120 pour plongeur trimix 120 m\u00e8tres.<\/p>\n<p>Cette formation trimix plong\u00e9e \u00e0 Marseille se destine au plongeur niveau 3 titulaire du niveau nitrox avanc\u00e9 ou nitrox confirm\u00e9. Toutes ces formations peuvent \u00eatre pass\u00e9es avec l&rsquo;\u00e9cole de plong\u00e9e Aquadomia, site Aquadomia.com<\/p>\n<p><a href=\"http:\/\/aquatekdive.fr\/wp-content\/uploads\/2014\/03\/Louistrimix.jpg\"><img loading=\"lazy\" decoding=\"async\" class=\"alignnone size-medium wp-image-46\" alt=\"Formation trimix recycleur Marseille\" src=\"http:\/\/aquatekdive.fr\/wp-content\/uploads\/2014\/03\/Louistrimix-300x225.jpg\" width=\"300\" height=\"225\" srcset=\"http:\/\/aquatekdive.fr\/wp-content\/uploads\/2014\/03\/Louistrimix-300x225.jpg 300w, http:\/\/aquatekdive.fr\/wp-content\/uploads\/2014\/03\/Louistrimix.jpg 960w\" sizes=\"auto, (max-width: 300px) 100vw, 300px\" \/><\/a><\/p>\n<p>Ce cours de plong\u00e9e trimix peut \u00eatre fait en circuit ouvert mais il est bien plus appr\u00e9ciable pour obtenir un niveau de plong\u00e9e trimix d&rsquo;avoir suivi un cours de plong\u00e9e recycleur. En effet le recycleur de plong\u00e9e \u00e0 circuit ferm\u00e9 utilis\u00e9 pour le cours de plong\u00e9e trimix permet de renforcer la s\u00e9curit\u00e9 en augmentant l&rsquo;autonomie et en limitant le poids du mat\u00e9riel embarqu\u00e9. De plus l&rsquo;utilisation d&rsquo;un recycleur pour un niveau de plong\u00e9e trimix permet de limiter la consommation de gaz trimix au co\u00fbt \u00e9lev\u00e9.<\/p>\n<p>Lors de la formation plong\u00e9e trimix de premier niveau qui se passe sur 3 jours, vous apprenez les sp\u00e9cificit\u00e9s de l&rsquo;utilisation des gaz trimix qui imposent des proc\u00e9dures de d\u00e9compression plus stricts. Avec ce cours trimix, vous allez apprendre l&rsquo;utilisation des logiciels de plong\u00e9e de type V Planner pour planifier sur ordinateur votre \u00ab\u00a0run time\u00a0\u00bb \u00e0 savoir un v\u00e9ritable d\u00e9roul\u00e9 s\u00e9quenc\u00e9 de votre plong\u00e9e qu&rsquo;il va vous falloir suivre au m\u00e8tre pr\u00e8s et \u00e0 la minute pr\u00e8s pour r\u00e9ussir votre plong\u00e9e trimix. Avec cette formation trimix de plong\u00e9e vous am\u00e9liorez aussi votre technique d&rsquo;analyse des gaz et de marquage et votre largage profond de parachute \u00e0 soupape avec d\u00e9vidoir, ainsi que le changement de gaz lors de la d\u00e9compression.<\/p>\n<p><a href=\"http:\/\/aquatekdive.fr\/wp-content\/uploads\/2014\/03\/trimix.jpg\"><img loading=\"lazy\" decoding=\"async\" class=\"alignnone size-medium wp-image-50\" alt=\"trimix hypoxique\" src=\"http:\/\/aquatekdive.fr\/wp-content\/uploads\/2014\/03\/trimix-225x300.jpg\" width=\"225\" height=\"300\" srcset=\"http:\/\/aquatekdive.fr\/wp-content\/uploads\/2014\/03\/trimix-225x300.jpg 225w, http:\/\/aquatekdive.fr\/wp-content\/uploads\/2014\/03\/trimix.jpg 417w\" sizes=\"auto, (max-width: 225px) 100vw, 225px\" \/><\/a><\/p>\n<p>Alors que le premier niveau de plong\u00e9e trimix se fait g\u00e9n\u00e9ralement en configuration \u00ab\u00a0light\u00a0\u00bb avec une simple bouteille de 15 litres et une bouteille de d\u00e9compression au nitrox d&rsquo;un volume de 6 \u00e0 7 litres (avec les volumes \u00ab\u00a0am\u00e9ricains\u00a0\u00bb en aluminium appel\u00e9 S40 soit +\/- 7 litres), la formation trimix avanc\u00e9 PTH120 en circuit ouvert fait appel \u00e0 un mat\u00e9riel plus cons\u00e9quent : bi-bouteille d&rsquo;au moins 17 litres, bouteilles de d\u00e9co forc\u00e9ment en aluminium pour limiter le poids embarqu\u00e9 au format S80 (environ 11 litres).<\/p>\n<p>De plus, la combinaison \u00e9tanche dite \u00ab\u00a0s\u00e8che\u00a0\u00bb est obligatoire, d&rsquo;une part pour mieux prot\u00e9ger lors du froid lors des longs paliers de d\u00e9compression, d&rsquo;autre part pour assurer une redondance de flottabilit\u00e9 avec votre gilet stabilisateur qui devra \u00eatre de type \u00ab\u00a0wing\u00a0\u00bb ou tout au moins au volume dorsal cons\u00e9quent pour accepter le poids du mat\u00e9riel embarqu\u00e9.<\/p>\n<p>Pour \u00e9viter cette escalade de mat\u00e9riel en grande profondeur, une bonne solution consiste \u00e0 faire cette formation plong\u00e9e trimix en recycleur circuit ferm\u00e9.<\/p>\n<p><a href=\"http:\/\/aquatekdive.fr\/wp-content\/uploads\/2014\/03\/DSC_0048.jpg\"><img loading=\"lazy\" decoding=\"async\" class=\"alignnone size-medium wp-image-21\" alt=\"formation trimix recycleur\" src=\"http:\/\/aquatekdive.fr\/wp-content\/uploads\/2014\/03\/DSC_0048-200x300.jpg\" width=\"200\" height=\"300\" srcset=\"http:\/\/aquatekdive.fr\/wp-content\/uploads\/2014\/03\/DSC_0048-200x300.jpg 200w, http:\/\/aquatekdive.fr\/wp-content\/uploads\/2014\/03\/DSC_0048-685x1024.jpg 685w, http:\/\/aquatekdive.fr\/wp-content\/uploads\/2014\/03\/DSC_0048.jpg 768w\" sizes=\"auto, (max-width: 200px) 100vw, 200px\" \/><\/a><\/p>\n<p>Que ce soit en circuit ouvert ou en circuit ferm\u00e9, la formation plong\u00e9e trimix avanc\u00e9 PTH120 exige pr\u00e9paration et rigueur pour \u00e9viter l&rsquo;al\u00e9a et renforcer la s\u00e9curit\u00e9. La redondance devient ainsi la r\u00e8gle, tant au niveau des instruments de mesure, ordinateurs trimix ou timer, des masques&#8230;. Durant les 4 jours de formation vous apprendrez \u00e0 g\u00e9rer les fameux \u00ab\u00a0What If\u00a0\u00bb qui envisagent diff\u00e9rents sc\u00e9nari plausibles de d\u00e9faillance humaine ou mat\u00e9rielle et leurs rem\u00e9diations pr\u00e9alablement \u00e0 la plong\u00e9e trimix.<\/p>\n<p>Rendez-vous sur Aquadomia.com pour r\u00e9server votre formation !<\/p>\n<p>&nbsp;<\/p>\n<p>&nbsp;<\/p>\n","protected":false},"excerpt":{"rendered":"<p>Cours de plong\u00e9e Trimix Marseille Le cours de plong\u00e9e trimix\u00a0 \u00e0 Marseille permet de passer le premier niveau de plong\u00e9e trimix appel\u00e9 aussi PTH70 pour plongeur trimix 70 m\u00e8tres puis le niveau trimix avanc\u00e9 ou hypoxique appel\u00e9 aussi PTH120 pour &hellip; <a class=\"more-link\" href=\"http:\/\/aquatekdive.fr\/?page_id=78\">Lire la suite <span class=\"meta-nav\">&rarr;<\/span><\/a><\/p>\n","protected":false},"author":1,"featured_media":0,"parent":0,"menu_order":0,"comment_status":"closed","ping_status":"open","template":"","meta":{"footnotes":""},"class_list":["post-78","page","type-page","status-publish","hentry"],"_links":{"self":[{"href":"http:\/\/aquatekdive.fr\/index.php?rest_route=\/wp\/v2\/pages\/78","targetHints":{"allow":["GET"]}}],"collection":[{"href":"http:\/\/aquatekdive.fr\/index.php?rest_route=\/wp\/v2\/pages"}],"about":[{"href":"http:\/\/aquatekdive.fr\/index.php?rest_route=\/wp\/v2\/types\/page"}],"author":[{"embeddable":true,"href":"http:\/\/aquatekdive.fr\/index.php?rest_route=\/wp\/v2\/users\/1"}],"replies":[{"embeddable":true,"href":"http:\/\/aquatekdive.fr\/index.php?rest_route=%2Fwp%2Fv2%2Fcomments&post=78"}],"version-history":[{"count":8,"href":"http:\/\/aquatekdive.fr\/index.php?rest_route=\/wp\/v2\/pages\/78\/revisions"}],"predecessor-version":[{"id":131,"href":"http:\/\/aquatekdive.fr\/index.php?rest_route=\/wp\/v2\/pages\/78\/revisions\/131"}],"wp:attachment":[{"href":"http:\/\/aquatekdive.fr\/index.php?rest_route=%2Fwp%2Fv2%2Fmedia&parent=78"}],"curies":[{"name":"wp","href":"https:\/\/api.w.org\/{rel}","templated":true}]}}