{"id":75,"date":"2014-03-25T11:46:44","date_gmt":"2014-03-25T11:46:44","guid":{"rendered":"http:\/\/aquatekdive.fr\/?page_id=75"},"modified":"2014-04-03T17:49:23","modified_gmt":"2014-04-03T17:49:23","slug":"cours-de-plongee-nitrox","status":"publish","type":"page","link":"http:\/\/aquatekdive.fr\/?page_id=75","title":{"rendered":"Nitrox"},"content":{"rendered":"<h2><span style=\"color: #ff6600;\"><a href=\"http:\/\/aquatekdive.fr\/wp-content\/uploads\/2014\/03\/VincentTEKRiou.jpg\"><span style=\"color: #ff6600;\">Le cours de plong\u00e9e nitrox \u00e0 Marseille est vraiment tr\u00e8s accessible et rapide \u00e0 passer en cours de plong\u00e9e acc\u00e9l\u00e9r\u00e9.<\/span><\/a><\/span><\/h2>\n<p><a href=\"http:\/\/aquatekdive.fr\/wp-content\/uploads\/2014\/03\/VincentTEKRiou.jpg\"><img loading=\"lazy\" decoding=\"async\" class=\"alignnone size-full wp-image-51\" alt=\"VincentTEKRiou\" src=\"http:\/\/aquatekdive.fr\/wp-content\/uploads\/2014\/03\/VincentTEKRiou.jpg\" width=\"251\" height=\"299\" \/><\/a><\/p>\n<p>D\u00e8s le niveau 1 de plong\u00e9e il suffit d&rsquo;une journ\u00e9e pour apprendre \u00e0 utiliser des m\u00e9langes enrichis en oxyg\u00e8ne jusque 40% et ainsi renforcer la s\u00e9curit\u00e9 des plong\u00e9es peu profondes.<\/p>\n<p>Le niveau de plong\u00e9e nitrox avanc\u00e9 ou nitrox confirm\u00e9 est destin\u00e9 au titulaire du niveau 3 de plong\u00e9e d\u00e9j\u00e0 certifi\u00e9 nitrox qui souhaite renforcer la s\u00e9curit\u00e9 lors de ses plong\u00e9es profondes. Ce cours de plong\u00e9e nitrox avanc\u00e9 ou nitrox confirm\u00e9 va permettre d&rsquo;apprendre \u00e0 utiliser des m\u00e9langes tr\u00e8s enrichis en oxyg\u00e8ne, voire m\u00eame de l&rsquo;oxyg\u00e8ne pur (bien que l&rsquo;utilisation d&rsquo;oxyg\u00e8ne pur devienne controvers\u00e9 au profit de m\u00e9langes nitrox \u00e0 70% plus s\u00fbrs), afin d&rsquo;optimiser la d\u00e9compression apr\u00e8s une plong\u00e9e \u00e0 l&rsquo;air en grande profondeur (g\u00e9n\u00e9ralement une cinquantaine de m\u00e8tres voire plus).<\/p>\n<p>Le niveau de plong\u00e9e nitrox avanc\u00e9 ou nitrox confirm\u00e9 se passe en 2 jours de cours de plong\u00e9e pour quelqu&rsquo;un qui a d\u00e9j\u00e0 un niveau de plong\u00e9e nitrox.<\/p>\n<p>Lors du cours de plong\u00e9e nitrox avanc\u00e9 ou nitrox confirm\u00e9, vous apprendrez \u00e0 planifier vos plong\u00e9es profondes, \u00e0 analyser vos m\u00e9langes nitrox, \u00e0 d\u00e9terminer leur profondeur maximum d&rsquo;utilisation, \u00e0 marquer vos bouteilles et d\u00e9tendeurs, \u00e0 utiliser votre ordinateur de plong\u00e9e multigaz, \u00e0 d\u00e9rouler un parachute de plong\u00e9e \u00e0 soupape \u00e0 l&rsquo;aide d&rsquo;un d\u00e9vidoir pour signaler \u00e0 la surface le d\u00e9marrage de vos paliers de d\u00e9compression profonds.<\/p>\n<p>Pour vous inscrire \u00e0 votre formation plong\u00e9e nitrox, nitrox avanc\u00e9 ou nitrox confirm\u00e9 en cours de plong\u00e9e acc\u00e9l\u00e9r\u00e9, rendez-vous sur Aquadomia.com<\/p>\n<p>&nbsp;<\/p>\n<p>&nbsp;<\/p>\n","protected":false},"excerpt":{"rendered":"<p>Le cours de plong\u00e9e nitrox \u00e0 Marseille est vraiment tr\u00e8s accessible et rapide \u00e0 passer en cours de plong\u00e9e acc\u00e9l\u00e9r\u00e9. D\u00e8s le niveau 1 de plong\u00e9e il suffit d&rsquo;une journ\u00e9e pour apprendre \u00e0 utiliser des m\u00e9langes enrichis en oxyg\u00e8ne jusque &hellip; <a class=\"more-link\" href=\"http:\/\/aquatekdive.fr\/?page_id=75\">Lire la suite <span class=\"meta-nav\">&rarr;<\/span><\/a><\/p>\n","protected":false},"author":1,"featured_media":0,"parent":0,"menu_order":0,"comment_status":"closed","ping_status":"open","template":"","meta":{"footnotes":""},"class_list":["post-75","page","type-page","status-publish","hentry"],"_links":{"self":[{"href":"http:\/\/aquatekdive.fr\/index.php?rest_route=\/wp\/v2\/pages\/75","targetHints":{"allow":["GET"]}}],"collection":[{"href":"http:\/\/aquatekdive.fr\/index.php?rest_route=\/wp\/v2\/pages"}],"about":[{"href":"http:\/\/aquatekdive.fr\/index.php?rest_route=\/wp\/v2\/types\/page"}],"author":[{"embeddable":true,"href":"http:\/\/aquatekdive.fr\/index.php?rest_route=\/wp\/v2\/users\/1"}],"replies":[{"embeddable":true,"href":"http:\/\/aquatekdive.fr\/index.php?rest_route=%2Fwp%2Fv2%2Fcomments&post=75"}],"version-history":[{"count":5,"href":"http:\/\/aquatekdive.fr\/index.php?rest_route=\/wp\/v2\/pages\/75\/revisions"}],"predecessor-version":[{"id":128,"href":"http:\/\/aquatekdive.fr\/index.php?rest_route=\/wp\/v2\/pages\/75\/revisions\/128"}],"wp:attachment":[{"href":"http:\/\/aquatekdive.fr\/index.php?rest_route=%2Fwp%2Fv2%2Fmedia&parent=75"}],"curies":[{"name":"wp","href":"https:\/\/api.w.org\/{rel}","templated":true}]}}