{"id":100,"date":"2014-03-28T19:46:42","date_gmt":"2014-03-28T19:46:42","guid":{"rendered":"http:\/\/aquatekdive.fr\/?page_id=100"},"modified":"2014-04-03T17:48:27","modified_gmt":"2014-04-03T17:48:27","slug":"moniteur-tek","status":"publish","type":"page","link":"http:\/\/aquatekdive.fr\/?page_id=100","title":{"rendered":"Moniteur TEK"},"content":{"rendered":"<h2><span style=\"color: #ff9900;\">Devenez moniteur de plong\u00e9e TEK avec l&rsquo;offre AQUATEKDIVE propos\u00e9e par <span style=\"color: #ff9900;\">Aquadomia.com<\/span><\/span><\/h2>\n<p>Pour devenir moniteur de plong\u00e9e TEK c&rsquo;est \u00e0 dire moniteur de plong\u00e9e nitrox, moniteur de plong\u00e9e recycleur, moniteur de plong\u00e9e trimix&#8230;<\/p>\n<p><a href=\"http:\/\/aquatekdive.fr\/wp-content\/uploads\/2014\/03\/ccr3.jpg\"><img loading=\"lazy\" decoding=\"async\" class=\"alignnone size-medium wp-image-38\" alt=\"Devenir moniteur de plong\u00e9e TEK Marseille\" src=\"http:\/\/aquatekdive.fr\/wp-content\/uploads\/2014\/03\/ccr3-223x300.jpg\" width=\"223\" height=\"300\" srcset=\"http:\/\/aquatekdive.fr\/wp-content\/uploads\/2014\/03\/ccr3-223x300.jpg 223w, http:\/\/aquatekdive.fr\/wp-content\/uploads\/2014\/03\/ccr3.jpg 537w\" sizes=\"auto, (max-width: 223px) 100vw, 223px\" \/><\/a><a href=\"http:\/\/aquatekdive.fr\/wp-content\/uploads\/2014\/03\/DSC_0049.jpg\"><img loading=\"lazy\" decoding=\"async\" class=\"alignnone size-medium wp-image-22\" alt=\"Moniteur trimix Marseille\" src=\"http:\/\/aquatekdive.fr\/wp-content\/uploads\/2014\/03\/DSC_0049-200x300.jpg\" width=\"200\" height=\"300\" srcset=\"http:\/\/aquatekdive.fr\/wp-content\/uploads\/2014\/03\/DSC_0049-200x300.jpg 200w, http:\/\/aquatekdive.fr\/wp-content\/uploads\/2014\/03\/DSC_0049-685x1024.jpg 685w, http:\/\/aquatekdive.fr\/wp-content\/uploads\/2014\/03\/DSC_0049.jpg 768w\" sizes=\"auto, (max-width: 200px) 100vw, 200px\" \/><\/a><\/p>\n<p>Devenir moniteur de plong\u00e9e TEK, c&rsquo;est ajouter une ou plusieurs cordes \u00e0 son arc de guide de plong\u00e9e et de formateur de plongeur. Devenir moniteur de plong\u00e9e nitrox, trimix, recycleur, c&rsquo;est d\u00e9velopper votre cr\u00e9dibilit\u00e9 aupr\u00e8s de vos clients ainsi que votre employabilit\u00e9.<\/p>\n<p>Les formations de moniteur de plong\u00e9e TEK peuvent \u00eatre prise en charge dans le cadre de la formation professionnelle continue. Les offres Aquatekdive pour devenir moniteur de plong\u00e9e TEK sont g\u00e9r\u00e9es par l&rsquo;\u00e9cole de plong\u00e9e <a href=\"http:\/\/www.aquadomia.com\">Aquadomia<\/a> qui est organisme de formation professionnel.<\/p>\n<p>Ces formations de moniteur de plong\u00e9e trimix, moniteur de plong\u00e9e recycleur sont notamment d&rsquo;excellents compl\u00e9ments de formations pour les heureux titulaires du nouveau dipl\u00f4me DEJEPS qui pourront ainsi d\u00e9velopper leur attractivit\u00e9 sur le march\u00e9 de la plong\u00e9e loisirs et de la plong\u00e9e TEK.<\/p>\n<p><a href=\"http:\/\/aquatekdive.fr\/wp-content\/uploads\/2014\/03\/LOGOTDI.jpg\"><img loading=\"lazy\" decoding=\"async\" class=\"alignnone size-full wp-image-43\" alt=\"LOGOTDI\" src=\"http:\/\/aquatekdive.fr\/wp-content\/uploads\/2014\/03\/LOGOTDI.jpg\" width=\"151\" height=\"131\" srcset=\"http:\/\/aquatekdive.fr\/wp-content\/uploads\/2014\/03\/LOGOTDI.jpg 151w, http:\/\/aquatekdive.fr\/wp-content\/uploads\/2014\/03\/LOGOTDI-150x131.jpg 150w\" sizes=\"auto, (max-width: 151px) 100vw, 151px\" \/><\/a><\/p>\n<p>Pour devenir moniteur de plong\u00e9e TEK avec l&rsquo;organisme TDI \u00e0 Marseille, vous devez \u00eatre plongeur niveau 4 ou Dive Master et titulaire des qualifications TEK pour lesquelles vous souhaitez devenir moniteur, nitrox, recycleur ou trimix avec beaucoup d&rsquo;exp\u00e9riences et suivre un stage d&rsquo;une ou deux semaines environ.<\/p>\n<p><a href=\"http:\/\/aquatekdive.fr\/wp-content\/uploads\/2014\/03\/Logos_SCA_FFESSM.jpg\"><img loading=\"lazy\" decoding=\"async\" class=\"alignnone size-full wp-image-44\" alt=\"Logos_SCA_FFESSM\" src=\"http:\/\/aquatekdive.fr\/wp-content\/uploads\/2014\/03\/Logos_SCA_FFESSM.jpg\" width=\"100\" height=\"120\" \/><\/a><a href=\"http:\/\/aquatekdive.fr\/wp-content\/uploads\/2014\/03\/logoanmp.jpg\"><img loading=\"lazy\" decoding=\"async\" class=\"alignnone size-full wp-image-45\" alt=\"logoanmp\" src=\"http:\/\/aquatekdive.fr\/wp-content\/uploads\/2014\/03\/logoanmp.jpg\" width=\"220\" height=\"94\" \/><\/a><\/p>\n<p>Pour devenir moniteur de plong\u00e9e TEK avec l&rsquo;ANMP ou la FFESSM \u00e0 Marseille, vous devez \u00eatre moniteur de plong\u00e9e (BEES2 ou DEJEPS pour l&rsquo;ANMP, MF2 pour la FFESSM) et titulaire des qualifications TEK pour lesquelles vous souhaitez devenir moniteur, nitrox, recycleur ou trimix avec beaucoup d&rsquo;exp\u00e9riences et suivre un stage d&rsquo;une ou deux semaines environ.<\/p>\n<p>Rendez-vous sur Aquadomia.com pour enrichir vos comp\u00e9tences gr\u00e2ce \u00e0 la plong\u00e9e TEK.<\/p>\n","protected":false},"excerpt":{"rendered":"<p>Devenez moniteur de plong\u00e9e TEK avec l&rsquo;offre AQUATEKDIVE propos\u00e9e par Aquadomia.com Pour devenir moniteur de plong\u00e9e TEK c&rsquo;est \u00e0 dire moniteur de plong\u00e9e nitrox, moniteur de plong\u00e9e recycleur, moniteur de plong\u00e9e trimix&#8230; Devenir moniteur de plong\u00e9e TEK, c&rsquo;est ajouter une &hellip; <a class=\"more-link\" href=\"http:\/\/aquatekdive.fr\/?page_id=100\">Lire la suite <span class=\"meta-nav\">&rarr;<\/span><\/a><\/p>\n","protected":false},"author":1,"featured_media":0,"parent":0,"menu_order":0,"comment_status":"closed","ping_status":"open","template":"","meta":{"footnotes":""},"class_list":["post-100","page","type-page","status-publish","hentry"],"_links":{"self":[{"href":"http:\/\/aquatekdive.fr\/index.php?rest_route=\/wp\/v2\/pages\/100","targetHints":{"allow":["GET"]}}],"collection":[{"href":"http:\/\/aquatekdive.fr\/index.php?rest_route=\/wp\/v2\/pages"}],"about":[{"href":"http:\/\/aquatekdive.fr\/index.php?rest_route=\/wp\/v2\/types\/page"}],"author":[{"embeddable":true,"href":"http:\/\/aquatekdive.fr\/index.php?rest_route=\/wp\/v2\/users\/1"}],"replies":[{"embeddable":true,"href":"http:\/\/aquatekdive.fr\/index.php?rest_route=%2Fwp%2Fv2%2Fcomments&post=100"}],"version-history":[{"count":5,"href":"http:\/\/aquatekdive.fr\/index.php?rest_route=\/wp\/v2\/pages\/100\/revisions"}],"predecessor-version":[{"id":127,"href":"http:\/\/aquatekdive.fr\/index.php?rest_route=\/wp\/v2\/pages\/100\/revisions\/127"}],"wp:attachment":[{"href":"http:\/\/aquatekdive.fr\/index.php?rest_route=%2Fwp%2Fv2%2Fmedia&parent=100"}],"curies":[{"name":"wp","href":"https:\/\/api.w.org\/{rel}","templated":true}]}}